{"id":2404,"date":"2023-02-15T10:30:32","date_gmt":"2023-02-15T10:30:32","guid":{"rendered":"https:\/\/germaninstitute.co.in\/?page_id=2404"},"modified":"2023-02-15T16:04:14","modified_gmt":"2023-02-15T16:04:14","slug":"learn-german-in-goa","status":"publish","type":"page","link":"https:\/\/germaninstitute.co.in\/index.php\/learn-german-in-goa\/","title":{"rendered":"learn German in Goa"},"content":{"rendered":"\t\t<div data-elementor-type=\"wp-page\" data-elementor-id=\"2404\" class=\"elementor elementor-2404\">\n\t\t\t\t\t\t\t\t\t<section class=\"elementor-section elementor-top-section elementor-element elementor-element-104d3660 elementor-section-boxed elementor-section-height-default elementor-section-height-default\" data-id=\"104d3660\" data-element_type=\"section\">\n\t\t\t\t\t\t<div class=\"elementor-container elementor-column-gap-default\">\n\t\t\t\t\t<div class=\"elementor-column elementor-col-100 elementor-top-column elementor-element elementor-element-1e1ddd99\" data-id=\"1e1ddd99\" data-element_type=\"column\">\n\t\t\t<div class=\"elementor-widget-wrap elementor-element-populated\">\n\t\t\t\t\t\t\t\t<div class=\"elementor-element elementor-element-60656245 elementor-widget elementor-widget-text-editor\" data-id=\"60656245\" data-element_type=\"widget\" data-widget_type=\"text-editor.default\">\n\t\t\t\t<div class=\"elementor-widget-container\">\n\t\t\t<style>\/*! elementor - v3.16.0 - 17-10-2023 *\/\n.elementor-widget-text-editor.elementor-drop-cap-view-stacked .elementor-drop-cap{background-color:#69727d;color:#fff}.elementor-widget-text-editor.elementor-drop-cap-view-framed .elementor-drop-cap{color:#69727d;border:3px solid;background-color:transparent}.elementor-widget-text-editor:not(.elementor-drop-cap-view-default) .elementor-drop-cap{margin-top:8px}.elementor-widget-text-editor:not(.elementor-drop-cap-view-default) .elementor-drop-cap-letter{width:1em;height:1em}.elementor-widget-text-editor .elementor-drop-cap{float:left;text-align:center;line-height:1;font-size:50px}.elementor-widget-text-editor .elementor-drop-cap-letter{display:inline-block}<\/style>\t\t\t\t<!-- wp:paragraph -->\n<p>Are you looking to learn German in Goa? then you are coming to the right place.<\/p>\n<!-- \/wp:paragraph -->\t\t\t\t\t\t<\/div>\n\t\t\t\t<\/div>\n\t\t\t\t\t<\/div>\n\t\t<\/div>\n\t\t\t\t\t\t\t<\/div>\n\t\t<\/section>\n\t\t\t\t<section class=\"elementor-section elementor-top-section elementor-element elementor-element-5c5b4d8 elementor-section-boxed elementor-section-height-default elementor-section-height-default\" data-id=\"5c5b4d8\" data-element_type=\"section\">\n\t\t\t\t\t\t<div class=\"elementor-container elementor-column-gap-default\">\n\t\t\t\t\t<div class=\"elementor-column elementor-col-100 elementor-top-column elementor-element elementor-element-fd34fb6\" data-id=\"fd34fb6\" data-element_type=\"column\">\n\t\t\t<div class=\"elementor-widget-wrap elementor-element-populated\">\n\t\t\t\t\t\t\t\t<div class=\"elementor-element elementor-element-6be9224 elementor-widget elementor-widget-heading\" data-id=\"6be9224\" data-element_type=\"widget\" data-widget_type=\"heading.default\">\n\t\t\t\t<div class=\"elementor-widget-container\">\n\t\t\t<style>\/*! elementor - v3.16.0 - 17-10-2023 *\/\n.elementor-heading-title{padding:0;margin:0;line-height:1}.elementor-widget-heading .elementor-heading-title[class*=elementor-size-]>a{color:inherit;font-size:inherit;line-height:inherit}.elementor-widget-heading .elementor-heading-title.elementor-size-small{font-size:15px}.elementor-widget-heading .elementor-heading-title.elementor-size-medium{font-size:19px}.elementor-widget-heading .elementor-heading-title.elementor-size-large{font-size:29px}.elementor-widget-heading .elementor-heading-title.elementor-size-xl{font-size:39px}.elementor-widget-heading .elementor-heading-title.elementor-size-xxl{font-size:59px}<\/style><h2 class=\"elementor-heading-title elementor-size-default\"><section data-id=\"6805fd4\" data-element_type=\"section\" style=\"flex-direction: var(--flex-direction); flex-wrap: var(--flex-wrap); -webkit-box-pack: var(--justify-content); justify-content: var(--justify-content); -webkit-box-align: var(--align-items); align-items: var(--align-items); align-content: var(--align-content); gap: var(--gap); flex-basis: var(--flex-basis); -webkit-box-flex: var(--flex-grow); flex-grow: var(--flex-grow); flex-shrink: var(--flex-shrink); -webkit-box-ordinal-group: var(--order); order: var(--order); align-self: var(--align-self); --widgets-spacing:20px; font-size: 16px; font-weight: 400; white-space: normal;\"><div><div data-id=\"ce5a65a\" data-element_type=\"column\" style=\"flex-direction: var(--flex-direction); flex-wrap: var(--flex-wrap); -webkit-box-pack: var(--justify-content); justify-content: var(--justify-content); -webkit-box-align: var(--align-items); align-items: var(--align-items); align-content: var(--align-content); gap: var(--gap); flex-basis: var(--flex-basis); -webkit-box-flex: var(--flex-grow); flex-grow: var(--flex-grow); flex-shrink: var(--flex-shrink); -webkit-box-ordinal-group: var(--order); order: var(--order); align-self: var(--align-self); --widgets-spacing:20px; width: 1140px;\"><div style=\"width: 1140px;\"><div data-id=\"6767938\" data-element_type=\"widget\" data-widget_type=\"heading.default\" style=\"flex-direction: var(--flex-direction); flex-wrap: var(--flex-wrap); -webkit-box-pack: var(--justify-content); justify-content: var(--justify-content); -webkit-box-align: var(--align-items); align-items: var(--align-items); align-content: var(--align-content); gap: var(--gap); flex-basis: var(--flex-basis); -webkit-box-flex: var(--flex-grow); flex-grow: var(--flex-grow); flex-shrink: var(--flex-shrink); -webkit-box-ordinal-group: var(--order); order: var(--order); align-self: var(--align-self); --widgets-spacing:20px; width: 1120px;\"><div><h2 style=\"font-size: 2rem;\">Do you want to learn German in Goa, there is an online resource available to help you achieve your language learning goals.<\/h2><\/div><\/div><\/div><\/div><\/div><\/section><section data-id=\"7c54a07\" data-element_type=\"section\" style=\"flex-direction: var(--flex-direction); flex-wrap: var(--flex-wrap); -webkit-box-pack: var(--justify-content); justify-content: var(--justify-content); -webkit-box-align: var(--align-items); align-items: var(--align-items); align-content: var(--align-content); gap: var(--gap); flex-basis: var(--flex-basis); -webkit-box-flex: var(--flex-grow); flex-grow: var(--flex-grow); flex-shrink: var(--flex-shrink); -webkit-box-ordinal-group: var(--order); order: var(--order); align-self: var(--align-self); --widgets-spacing:20px; font-size: 16px; font-weight: 400; white-space: normal;\"><div><div data-id=\"6f9f43b\" data-element_type=\"column\" style=\"flex-direction: var(--flex-direction); flex-wrap: var(--flex-wrap); -webkit-box-pack: var(--justify-content); justify-content: var(--justify-content); -webkit-box-align: var(--align-items); align-items: var(--align-items); align-content: var(--align-content); gap: var(--gap); flex-basis: var(--flex-basis); -webkit-box-flex: var(--flex-grow); flex-grow: var(--flex-grow); flex-shrink: var(--flex-shrink); -webkit-box-ordinal-group: var(--order); order: var(--order); align-self: var(--align-self); --widgets-spacing:20px; width: 1140px;\"><div style=\"width: 1140px;\"><div data-id=\"57354c9\" data-element_type=\"widget\" data-widget_type=\"text-editor.default\" style=\"flex-direction: var(--flex-direction); flex-wrap: var(--flex-wrap); -webkit-box-pack: var(--justify-content); justify-content: var(--justify-content); -webkit-box-align: var(--align-items); align-items: var(--align-items); align-content: var(--align-content); gap: var(--gap); flex-basis: var(--flex-basis); -webkit-box-flex: var(--flex-grow); flex-grow: var(--flex-grow); flex-shrink: var(--flex-shrink); -webkit-box-ordinal-group: var(--order); order: var(--order); align-self: var(--align-self); --widgets-spacing:20px; width: 1120px;\"><div><\/div><\/div><\/div><\/div><\/div><\/section><\/h2>\t\t<\/div>\n\t\t\t\t<\/div>\n\t\t\t\t\t<\/div>\n\t\t<\/div>\n\t\t\t\t\t\t\t<\/div>\n\t\t<\/section>\n\t\t\t\t<section class=\"elementor-section elementor-top-section elementor-element elementor-element-ae94fd1 elementor-section-boxed elementor-section-height-default elementor-section-height-default\" data-id=\"ae94fd1\" data-element_type=\"section\">\n\t\t\t\t\t\t<div class=\"elementor-container elementor-column-gap-default\">\n\t\t\t\t\t<div class=\"elementor-column elementor-col-100 elementor-top-column elementor-element elementor-element-b13baae\" data-id=\"b13baae\" data-element_type=\"column\">\n\t\t\t<div class=\"elementor-widget-wrap elementor-element-populated\">\n\t\t\t\t\t\t\t\t<div class=\"elementor-element elementor-element-c00d2f9 elementor-widget elementor-widget-text-editor\" data-id=\"c00d2f9\" data-element_type=\"widget\" data-widget_type=\"text-editor.default\">\n\t\t\t\t<div class=\"elementor-widget-container\">\n\t\t\t\t\t\t\t<p><b><span style=\"font-size: 24.0pt; font-family: 'Times New Roman','serif'; mso-fareast-font-family: 'Times New Roman'; mso-font-kerning: 18.0pt;\">Are you planning to Learn German in Goa?<o:p><\/o:p><\/span><\/b><\/p>\n<p><span style=\"font-size: 8.0pt; font-family: 'Arial','sans-serif'; mso-fareast-font-family: 'Times New Roman';\">Welcome to our website, where you can discover the best resources for learning German in Goa. Whether you&#8217;re a beginner or already have some knowledge of the language, our courses, classes, and private tutoring options are designed to help you achieve your language learning goals. We understand the importance of learning a new language in today&#8217;s globalized world, and we&#8217;re dedicated to providing the highest quality education for our students. <o:p><\/o:p><\/span><span style=\"font-size: 8.0pt; font-family: 'Arial','sans-serif'; mso-fareast-font-family: 'Times New Roman';\">Our experienced and qualified instructors use a variety of teaching methods and materials to ensure that you get the most out of your language learning experience. From grammar and vocabulary to reading, writing, speaking, and listening, we offer comprehensive instruction that is tailored to your individual needs and learning style. Our courses are designed to help you improve your proficiency in German quickly and effectively, so that you can use the language confidently in real-world situations. <o:p><\/o:p><\/span><span style=\"font-size: 8.0pt; font-family: 'Arial','sans-serif'; mso-fareast-font-family: 'Times New Roman';\">We offer a range of courses for learners of all levels, from basic introductory classes to more advanced courses for those who want to master the language. Our flexible scheduling options and affordable pricing make it easy to fit German language learning into your busy schedule. With our help, you can achieve fluency in German and open up a world of opportunities for travel, work, and <o:p><\/o:p><\/span><span style=\"font-size: 8.0pt; font-family: 'Arial','sans-serif'; mso-fareast-font-family: 'Times New Roman';\">personal growth. Thank you for choosing us as your partner in your language learning journey.<span style=\"display: none; mso-hide: all;\">Top of Form<\/span><\/span><span style=\"font-size: 8.0pt; font-family: 'Arial','sans-serif'; mso-fareast-font-family: 'Times New Roman';\"><span style=\"display: none; mso-hide: all;\"><o:p><\/o:p><\/span><\/span><\/p>\n<p><b><span style=\"font-size: 18.0pt; font-family: 'Times New Roman','serif'; mso-fareast-font-family: 'Times New Roman';\">Here&#8217;s are few institutes where you can learn German in Goa.<o:p><\/o:p><\/span><\/b><\/p>\n<p><b><span style=\"font-size: 18.0pt; font-family: 'Times New Roman','serif'; mso-fareast-font-family: 'Times New Roman';\">1.<span>Indo-German Educational and Cultural Society of Goa-(https:\/\/www.indogermansocietygoa.in\/)<\/span><o:p><\/o:p><\/span><\/b><\/p>\n<p><br \/>Indo-German Educational and Cultural Society of Goa will strive to establish, maintain and manage a German Language Centre and to offer training and education in German language and conduct courses either by traditional methods or by audio \u2013 visuals aids and \/ or to assist in the provision of facilities for the teaching and study of the German language and literature.<\/p>\n<p><b><span style=\"font-size: 18.0pt; font-family: 'Times New Roman','serif'; mso-fareast-font-family: 'Times New Roman';\">\u00a0<\/span><\/b><\/p>\n<h2><b><span style=\"font-size: 18.0pt; font-family: 'Times New Roman','serif'; mso-fareast-font-family: 'Times New Roman';\">2.<\/span><\/b>Alliance Fran\u00e7aise Panjim,Goa<\/h2>\n<p>The Alliance Fran\u00e7aise was first founded in Paris in 1883 with the mission to promote the French language and culture around the world. Today, the non-profit cultural organisation features 834 branches in 132 countries across the 5 continents.Since 2007, Alliance Fran\u00e7aise, Panjim (AFP) has been fostering intercultural dialogue and amicable relations between France and Goa. It is now Goa\u2019s leading centre dedicated to French and the only approved institution for training the DELF and DALF examinations in Goa.AFP provides the means by which people can learn the beautiful French language and indulge in the French culture through art, literature, films, gastronomy, contemporary affairs, thoughts and ideas. During the week or on the weekend, AFP offers a variety of courses for all ages. Right from basics to intensive courses, tuitions, workshops, preparations for placement tests and school exams of varying boards, our programs are tailor-made to cater to your needs!We, at AFP, organize the Cin\u00e9-Night (movie nights) for cinephiles, the F\u00eate de la Musique (musical evening), the F\u00eate Nationale (French National Day) and many more cultural events which can be attended by one and all.<br \/>We hope that you enjoy browsing our website but feel free to come and visit us in Altinho, next to Menezes Polyclinic, to truly understand our mission and what we have to offer to you en fran\u00e7ais\u2026<br \/>The French touch is around the Altinho corner!<\/p>\n<h4><b><span style=\"font-size: 18.0pt; font-family: 'Times New Roman','serif'; mso-fareast-font-family: 'Times New Roman';\">4.<o:p><\/o:p><\/span><\/b><span style=\"font-size: 12.0pt; font-family: 'Times New Roman','serif'; mso-fareast-font-family: 'Times New Roman';\">However this institute is not physically present in Lucknow, however they provide online classes. Their teachers are highly qualified and they have experience in teaching since 12+ years. Each one of them have spoken to German natives in real life so the dialect they will teach you is amazing. They make the classes interactive, they use videos sessions, use role play etc. You can connect with them via their Whatsapp no +91 9650046696 or <a href=\"https:\/\/germaninstitute.co.in\/\"><span style=\"color: blue;\">click here<\/span><\/a> to see their latest courses.\u00a0<o:p><\/o:p><\/span><\/h4>\n<h2><b><span style=\"font-size: 13.5pt; font-family: 'Times New Roman','serif'; mso-fareast-font-family: 'Times New Roman';\">German Institute,<o:p><\/o:p><\/span><\/b><\/h2>\n<p><b><span style=\"font-size: 13.5pt; font-family: 'Times New Roman','serif'; mso-fareast-font-family: 'Times New Roman';\">(https:\/\/www.germaninstitute.co.in)<o:p><\/o:p><\/span><\/b><\/p>\n<p><o:p><img loading=\"lazy\" decoding=\"async\" src=\"https:\/\/germaninstitute.co.in\/wp-content\/uploads\/2022\/07\/124521_00_2x-300x200.jpg\" alt=\"learn German in Goa\" width=\"300\" height=\"200\" class=\"size-medium wp-image-1857\" srcset=\"https:\/\/germaninstitute.co.in\/wp-content\/uploads\/2022\/07\/124521_00_2x-300x200.jpg 300w, https:\/\/germaninstitute.co.in\/wp-content\/uploads\/2022\/07\/124521_00_2x-1024x682.jpg 1024w, https:\/\/germaninstitute.co.in\/wp-content\/uploads\/2022\/07\/124521_00_2x-768x512.jpg 768w, https:\/\/germaninstitute.co.in\/wp-content\/uploads\/2022\/07\/124521_00_2x-600x400.jpg 600w, https:\/\/germaninstitute.co.in\/wp-content\/uploads\/2022\/07\/124521_00_2x.jpg 1184w\" sizes=\"auto, (max-width: 300px) 100vw, 300px\" \/><\/o:p><\/p>\n<p><span style=\"font-size: 12.0pt; font-family: 'Times New Roman','serif'; mso-fareast-font-family: 'Times New Roman';\">The German Institute is committed to give students top-notch instruction in the German language and opportunities for cultural immersion. In addition to helping students improve their ability to speak, write, and comprehend German, our aim is to broaden their understanding of and enthusiasm for German culture. We provide a variety of courses and programmes to fulfil the needs of students at all levels, from beginning to advanced speakers, and our skilled and competent instructors adopt a communicative approach that stresses speaking and interaction. The German Institute is the ideal starting point for anybody interested in learning German, whether for personal or professional purposes.<o:p><\/o:p><\/span><\/p>\n<p><b><span style=\"font-size: 13.5pt; font-family: 'Times New Roman','serif'; mso-fareast-font-family: 'Times New Roman';\">Why learn German from Germaninstitute.co.in :<o:p><\/o:p><\/span><\/b><\/p>\n<p><span style=\"font-size: 12.0pt; font-family: 'Times New Roman','serif'; mso-fareast-font-family: 'Times New Roman';\">If you want to learn German, there are lots of compelling reasons to go with the German Institute. Here are a few examples:<o:p><\/o:p><\/span><\/p>\n<p><span style=\"font-size: 12.0pt; font-family: 'Times New Roman','serif'; mso-fareast-font-family: 'Times New Roman';\">Highly certified native German speakers with years of experience teaching German as a foreign language make up our staff of instructors. They are committed to assisting kids in succeeding and are passionate about what they do.<o:p><\/o:p><\/span><\/p>\n<p><span style=\"font-size: 12.0pt; font-family: 'Times New Roman','serif'; mso-fareast-font-family: 'Times New Roman';\">Effective teaching strategies: We base our approach to teaching languages on the most recent findings and cutting-edge techniques in second language acquisition. The most efficient method for learning a language is through communication, which places a strong emphasis on speaking and interacting.<o:p><\/o:p><\/span><\/p>\n<p><span style=\"font-size: 12.0pt; font-family: 'Times New Roman','serif'; mso-fareast-font-family: 'Times New Roman';\">Immersive cultural encounters: In addition to language instruction, we provide a variety of cultural activities and events that let students get a personal look at German culture.There is something here for everyone, regardless of your interests in music, food, art, or history.<o:p><\/o:p><\/span><\/p>\n<p><span style=\"font-size: 12.0pt; font-family: 'Times New Roman','serif'; mso-fareast-font-family: 'Times New Roman';\">Convenient location: Students may easily attend courses and take part in extracurricular activities at our institute because it is situated in a convenient and accessible neighbourhood.<o:p><\/o:p><\/span><\/p>\n<p><span style=\"font-size: 12.0pt; font-family: 'Times New Roman','serif'; mso-fareast-font-family: 'Times New Roman';\">Individualized help: We make an effort to give each student individualised attention and support since we recognise that everyone has different learning needs and learning styles. Our small class sizes guarantee that students get the one-on-one support they require to succeed.<o:p><\/o:p><\/span><\/p>\n<p><span style=\"font-size: 12.0pt; font-family: 'Times New Roman','serif'; mso-fareast-font-family: 'Times New Roman';\">Flexible scheduling: You can select the programme that best suits your schedule and learning objectives from among a variety of courses and programmes that we offer.These are just a few of the many benefits of enrolling at the German Language Institute to begin learning German. We are convinced that you will quickly accomplish your language and cultural objectives thanks to our qualified instructors, efficient teaching strategies, and engaging cultural experiences. <o:p><\/o:p><\/span><\/p>\n<p><span style=\"font-size: 12.0pt; font-family: 'Times New Roman','serif'; mso-fareast-font-family: 'Times New Roman';\">Phone : +91 9650046696 \u00a0Website: <\/span><b><span style=\"font-size: 13.5pt; font-family: 'Times New Roman','serif'; mso-fareast-font-family: 'Times New Roman';\">https:\/\/www.germaninstitute.co.in<\/span><\/b><span style=\"font-size: 12.0pt; font-family: 'Times New Roman','serif'; mso-fareast-font-family: 'Times New Roman';\"><o:p><\/o:p><\/span><\/p>\n<p><\/p>\n<p><o:p>\u00a0<\/o:p><\/p>\t\t\t\t\t\t<\/div>\n\t\t\t\t<\/div>\n\t\t\t\t\t<\/div>\n\t\t<\/div>\n\t\t\t\t\t\t\t<\/div>\n\t\t<\/section>\n\t\t\t\t\t\t\t<\/div>\n\t\t","protected":false},"excerpt":{"rendered":"<p>Are you looking to learn German in Goa? then you are coming to the right place. Do you want to learn German in Goa, there is an online resource available to help you achieve your language learning goals. Are you planning to Learn German in Goa? Welcome to our website, where you can discover the <\/p>\n","protected":false},"author":1,"featured_media":0,"parent":0,"menu_order":0,"comment_status":"closed","ping_status":"closed","template":"","meta":{"footnotes":""},"class_list":["post-2404","page","type-page","status-publish","hentry"],"acf":[],"aioseo_notices":[],"_links":{"self":[{"href":"https:\/\/germaninstitute.co.in\/index.php\/wp-json\/wp\/v2\/pages\/2404","targetHints":{"allow":["GET"]}}],"collection":[{"href":"https:\/\/germaninstitute.co.in\/index.php\/wp-json\/wp\/v2\/pages"}],"about":[{"href":"https:\/\/germaninstitute.co.in\/index.php\/wp-json\/wp\/v2\/types\/page"}],"author":[{"embeddable":true,"href":"https:\/\/germaninstitute.co.in\/index.php\/wp-json\/wp\/v2\/users\/1"}],"replies":[{"embeddable":true,"href":"https:\/\/germaninstitute.co.in\/index.php\/wp-json\/wp\/v2\/comments?post=2404"}],"version-history":[{"count":20,"href":"https:\/\/germaninstitute.co.in\/index.php\/wp-json\/wp\/v2\/pages\/2404\/revisions"}],"predecessor-version":[{"id":2516,"href":"https:\/\/germaninstitute.co.in\/index.php\/wp-json\/wp\/v2\/pages\/2404\/revisions\/2516"}],"wp:attachment":[{"href":"https:\/\/germaninstitute.co.in\/index.php\/wp-json\/wp\/v2\/media?parent=2404"}],"curies":[{"name":"wp","href":"https:\/\/api.w.org\/{rel}","templated":true}]}}